{"id":425,"date":"2021-06-09T21:53:25","date_gmt":"2021-06-09T19:53:25","guid":{"rendered":"https:\/\/www.projekt-jugendtreff.de\/jugendtreff\/?page_id=425"},"modified":"2021-06-21T22:19:19","modified_gmt":"2021-06-21T20:19:19","slug":"datenschutz","status":"publish","type":"page","link":"https:\/\/www.projekt-jugendtreff.de\/jugendtreff\/datenschutz\/","title":{"rendered":"Datenschutz"},"content":{"rendered":"\n<h3 class=\"wp-block-heading\">Datenschutzerkl\u00e4rung<\/h3>\n\n\n\n<p>Wir freuen uns \u00fcber Ihren Besuch auf unserer Webseite und \u00fcber Ihr Interesse an unseren Einrichtungen und Dienstleistungen. Der Schutz Ihrer pers\u00f6nlichen Daten ist uns ein ernstes Anliegen. In allen deutschen kirchlichen Dienststellen gelten f\u00fcr die Erhebung, Verarbeitung und Nutzung personenbezogener Daten die Bestimmungen des Gesetzes \u00fcber den kirchlichen Datenschutz (KDG). Mit dieser Datenschutzerkl\u00e4rung m\u00f6chten wir Sie \u00fcber die Art, den Umfang und Zweck der Erhebung und Verwendung personenbezogener Daten auf dieser Website informieren.<\/p>\n\n\n\n<h3 class=\"wp-block-heading\">Verantwortlicher <\/h3>\n\n\n\n<p>Die Datenverarbeitung auf dieser Website erfolgt durch den Websitebetreiber. Verantwortlich f\u00fcr die nachfolgend dargestellte Datenerhebung und Verarbeitung ist die im Impressum genannte Stelle.<\/p>\n\n\n\n<h3 class=\"wp-block-heading\">Speicherung der IP-Adresse<\/h3>\n\n\n\n<p>Wir speichern die von Ihrem Webbrowser \u00fcbermittelte IP-Adresse streng zweckgebunden, in dem Interesse, Angriffe auf unsere Webseiten erkennen, eingrenzen und beseitigen sowie generelle statistische Daten erheben zu k\u00f6nnen. Die IP-Adresse wird ausschlie\u00dflich anonymisiert gespeichert. Rechtsgrundlage ist \u00a7 6 Abs. 1 lit. g KDG.<\/p>\n\n\n\n<h3 class=\"wp-block-heading\">Nutzungsdaten<\/h3>\n\n\n\n<p>Wenn Sie unsere Webseiten besuchen, werden auf unserem Webserver tempor\u00e4r sogenannte Nutzungsdaten zu statistischen Zwecken als Protokoll gespeichert, um die Qualit\u00e4t unserer Webseiten zu verbessern. Dieser Datensatz besteht aus<\/p>\n\n\n\n<ul class=\"wp-block-list\"><li>der Seite, von der aus die Datei angefordert wurde,<\/li><li>dem Namen der Datei,<\/li><li>dem Datum und der Uhrzeit der Abfrage,<\/li><li>der \u00fcbertragenen Datenmenge,<\/li><li>dem Zugriffsstatus (Datei \u00fcbertragen, Datei nicht gefunden),<\/li><li>der Beschreibung des Typs des verwendeten Webbrowsers,<\/li><li>der IP-Adresse des anfragenden Rechners, die so verk\u00fcrzt wird, dass ein Personenbezug nicht mehr herstellbar ist.<\/li><\/ul>\n\n\n\n<p>Die genannten Protokolldaten werden nur anonymisiert gespeichert.<\/p>\n\n\n\n<h3 class=\"wp-block-heading\">Server-Log-Dateien<\/h3>\n\n\n\n<p>Der Provider der Seiten erhebt und speichert automatisch Informationen in sogenannten Server-Log-Dateien, die Ihr Browser automatisch an uns \u00fcbermittelt.<\/p>\n\n\n\n<p>Dies sind:<\/p>\n\n\n\n<ul class=\"wp-block-list\"><li>Browsertyp und Browserversion<\/li><li>verwendetes Betriebssystem<\/li><li>Referrer URL<\/li><li>Hostname des zugreifenden Rechners<\/li><li>Uhrzeit der Serveranfrage<\/li><li>IP-Adresse.<\/li><\/ul>\n\n\n\n<p>Eine Zusammenf\u00fchrung dieser Daten mit anderen Datenquellen wird nicht vorgenommen.<\/p>\n\n\n\n<p>Grundlage f\u00fcr die Datenverarbeitung ist \u00a7 6 Abs. 1 lit. g KDG. Unser berechtigtes Interesse liegt darin, Angriffe auf unsere Webseiten erkennen, eingrenzen und beseitigen zu k\u00f6nnen.<\/p>\n\n\n\n<h3 class=\"wp-block-heading\">Daten\u00fcbermittlung an Dritte<\/h3>\n\n\n\n<p>Wir \u00fcbermitteln Ihre Daten im Rahmen einer Auftragsverarbeitung gem. \u00a7 29 KDG an Dienstleister, die uns beim Betrieb unserer Webseiten und der damit zusammen-h\u00e4ngenden Prozesse unterst\u00fctzen. Unsere Dienstleister sind uns gegen\u00fcber streng weisungsgebunden und entsprechend vertraglich verpflichtet. Folgende Dienstleister setzen wir ein:&nbsp;&nbsp;<\/p>\n\n\n\n<p>Hosting: Hetzner\/Domainfactory\/Reseller Hottinger<\/p>\n\n\n\n<p>Webanalyse: Matomo<\/p>\n\n\n\n<p>Agentur: bueroparallel<\/p>\n\n\n\n<p>Werbeagentur: Konpress<\/p>\n\n\n\n<h3 class=\"wp-block-heading\">Daten\u00fcbermittlung in Drittl\u00e4nder<\/h3>\n\n\n\n<p>Teilweise \u00fcbermitteln wir personenbezogene Daten an ein Drittland au\u00dferhalb der EU. Wir haben dabei jeweils Sorge f\u00fcr ein angemessenes Datenschutzniveau getragen:<\/p>\n\n\n\n<p>Im Falle von Google Analytics (USA) folgt ein angemessenes Datenschutzniveau aus der entsprechenden Teilnahme am Privacy-Shield-Abkommen (\u00a7 40 KDG iVm Art. 45 Abs. 1 DSGVO).&nbsp;&nbsp;<\/p>\n\n\n\n<p><\/p>\n","protected":false},"excerpt":{"rendered":"<p>Datenschutzerkl\u00e4rung Wir freuen uns \u00fcber Ihren Besuch auf unserer Webseite und \u00fcber Ihr Interesse an unseren Einrichtungen und Dienstleistungen. Der Schutz Ihrer pers\u00f6nlichen Daten ist uns ein ernstes Anliegen. In allen deutschen kirchlichen Dienststellen gelten f\u00fcr die Erhebung, Verarbeitung und Nutzung personenbezogener Daten die Bestimmungen des Gesetzes \u00fcber den kirchlichen Datenschutz (KDG). Mit dieser Datenschutzerkl\u00e4rung [&hellip;]<\/p>\n","protected":false},"author":3,"featured_media":0,"parent":0,"menu_order":0,"comment_status":"closed","ping_status":"closed","template":"","meta":{"footnotes":""},"class_list":["post-425","page","type-page","status-publish","hentry"],"_links":{"self":[{"href":"https:\/\/www.projekt-jugendtreff.de\/jugendtreff\/wp-json\/wp\/v2\/pages\/425","targetHints":{"allow":["GET"]}}],"collection":[{"href":"https:\/\/www.projekt-jugendtreff.de\/jugendtreff\/wp-json\/wp\/v2\/pages"}],"about":[{"href":"https:\/\/www.projekt-jugendtreff.de\/jugendtreff\/wp-json\/wp\/v2\/types\/page"}],"author":[{"embeddable":true,"href":"https:\/\/www.projekt-jugendtreff.de\/jugendtreff\/wp-json\/wp\/v2\/users\/3"}],"replies":[{"embeddable":true,"href":"https:\/\/www.projekt-jugendtreff.de\/jugendtreff\/wp-json\/wp\/v2\/comments?post=425"}],"version-history":[{"count":5,"href":"https:\/\/www.projekt-jugendtreff.de\/jugendtreff\/wp-json\/wp\/v2\/pages\/425\/revisions"}],"predecessor-version":[{"id":436,"href":"https:\/\/www.projekt-jugendtreff.de\/jugendtreff\/wp-json\/wp\/v2\/pages\/425\/revisions\/436"}],"wp:attachment":[{"href":"https:\/\/www.projekt-jugendtreff.de\/jugendtreff\/wp-json\/wp\/v2\/media?parent=425"}],"curies":[{"name":"wp","href":"https:\/\/api.w.org\/{rel}","templated":true}]}}